{"id":27,"date":"2013-10-05T17:09:46","date_gmt":"2013-10-05T15:09:46","guid":{"rendered":"http:\/\/ansorge-gruppe.com\/en\/?page_id=27"},"modified":"2024-01-10T16:20:43","modified_gmt":"2024-01-10T14:20:43","slug":"contact","status":"publish","type":"page","link":"https:\/\/ansorge.com\/en\/contact\/","title":{"rendered":"Contact"},"content":{"rendered":"<p><iframe loading=\"lazy\" style=\"border: 1px solid black;\" src=\"https:\/\/www.openstreetmap.org\/export\/embed.html?bbox=8.126135766506197%2C49.21076037929984%2C8.130521178245546%2C49.21225150393137&amp;layer=mapnik\" width=\"425\" height=\"350\" frameborder=\"0\" marginwidth=\"0\" marginheight=\"0\" scrolling=\"no\"><\/iframe><br \/>\n<small><a href=\"https:\/\/www.openstreetmap.org\/#map=19\/49.21151\/8.12833\">View larger map<\/a><\/small><\/p>\n<h3>ANSORGE Oberfl\u00e4chentechnik GmbH<\/h3>\n<p><a title=\"Open in Google Maps\" href=\"https:\/\/www.google.de\/maps\/place\/Ansorge+Oberfl%C3%A4chentechnik+GmbH\/@49.21197,8.1262313,17z\/data=!4m13!1m7!3m6!1s0x4796504fd16ff603:0x666a13d3a5d6236b!2sIm+Grein+7,+76829+Landau+in+der+Pfalz!3b1!8m2!3d49.21197!4d8.12842!3m4!1s0x47965051d50e401b:0x50b2d88fdcff5da2!8m2!3d49.21197!4d8.12842?hl=de\" target=\"_blank\" rel=\"noopener noreferrer\">Im Grein 7, D-76829 Landau in der Pfalz<\/a><br \/>\nPostbox 11 66, D-76801 Landau in der Pfalz<br \/>\nPhone: +49 6341 687-0<br \/>\nFax: +49 6341 687-150<br \/>\nEmail:\u00a0<a title=\"E-Mail to info@ansorge.com\" href=\"mailto:info@ansorge.com\">info@ansorge.com<\/a><\/p>\n<h3>ANSORGE Galvanotechnik GmbH &amp; Co. KG<\/h3>\n<p><a title=\"Open in Google Maps\" href=\"https:\/\/www.google.de\/maps\/place\/Ansorge+Oberfl%C3%A4chentechnik+GmbH\/@49.21197,8.1262313,17z\/data=!4m13!1m7!3m6!1s0x4796504fd16ff603:0x666a13d3a5d6236b!2sIm+Grein+7,+76829+Landau+in+der+Pfalz!3b1!8m2!3d49.21197!4d8.12842!3m4!1s0x47965051d50e401b:0x50b2d88fdcff5da2!8m2!3d49.21197!4d8.12842?hl=de\" target=\"_blank\" rel=\"noopener noreferrer\">Im Grein 10, D-76829 Landau in der Pfalz<\/a><br \/>\nPostbox 11 66, D-76801 Landau in der Pfalz<br \/>\nPhone: +49 6341 687-0<br \/>\nFax: +49 6341 687-150<br \/>\nEmail:\u00a0<a title=\"E-Mail to info@ansorge.com\" href=\"mailto:info@ansorge.com\">info@ansorge.com<\/a><\/p>\n<h3>Contact person<\/h3>\n<p><strong>Sales:<\/strong><br \/>\nPhone: +49 (0) 6341 687 \u2013 146 \/ 147 \/ 191<br \/>\nFax: +49 (0)\u00a06341 687 \u2013\u00a0180<br \/>\nEmail: <a title=\"E-Mail to vertrieb@ansorge.com\" href=\"mailto:vertrieb@ansorge.com\">vertrieb@ansorge.com<\/a><\/p>\n<p><b class=\"b3\">Order<\/b><b class=\"b4\"> scheduling<\/b>:<br \/>\nPhone: +49 (0) 6341 687 \u2013 196 \/ 121 \/ 118<br \/>\nFax: +49 (0)\u00a06341 687 \u2013\u00a0130<br \/>\nEmail:\u00a0<a title=\"E-Mail to vtp-ot@ansorge.com\" href=\"mailto:vtp-ot@ansorge.com\">vtp-ot@ansorge.com<\/a> \/ <a title=\"E-Mail to vtp-mv@ansorge.com\" href=\"mailto:vtp-mv@ansorge.com\">vtp-mv@ansorge.com<\/a><\/p>\n<p><strong>Purchasing Department:<\/strong><br \/>\nPhone: +49 (0) 6341 687 \u2013 144 \/ 197<br \/>\nFax:\u00a0+49 (0)\u00a06341 687 \u2013\u00a0180<br \/>\nEmail:\u00a0<a title=\"E-Mail to einkauf@ansorge.com\" href=\"mailto:einkauf@ansorge.com\">einkauf@ansorge.com<\/a><\/p>\n<h3>TECNIFLEX Ansorge de M\u00e9xico y Compa\u00f1\u00eda, S. en C.S. de C.V.<\/h3>\n<p>Calle 9, No. 6 y 6A, Col. Alce Blanco, MEX-53370, Naucalpan, Estado de M\u00e9xico<br \/>\nPhone: +52\u00a0 55 6822 9900<br \/>\n<a href=\"http:\/\/www.tecniflex.biz\/\" target=\"_blank\" rel=\"noopener noreferrer\">www.tecniflex.biz<\/a><br \/>\nEmail: <a title=\"E-Mail to info@tecniflex.biz schreiben\" href=\"mailto:info@tecniflex.biz\">info@tecniflex.biz<\/a><\/p>\n<div class=\"tva-two-columns\"><\/div>\n","protected":false},"excerpt":{"rendered":"<p>View larger map ANSORGE Oberfl\u00e4chentechnik GmbH Im Grein 7, D-76829 Landau in der Pfalz Postbox 11 66, D-76801 Landau in der Pfalz Phone: +49 6341 687-0 Fax: +49 6341 687-150 Email:\u00a0info@ansorge.com ANSORGE Galvanotechnik GmbH &amp; Co. KG Im Grein 10, D-76829 Landau in der Pfalz Postbox 11 66, D-76801 Landau in der Pfalz Phone: +49&hellip; <br \/> <a class=\"read-more\" href=\"https:\/\/ansorge.com\/en\/contact\/\">Read more<\/a><\/p>\n","protected":false},"author":2,"featured_media":0,"parent":0,"menu_order":9,"comment_status":"closed","ping_status":"closed","template":"","meta":{"footnotes":""},"class_list":["post-27","page","type-page","status-publish","hentry"],"_links":{"self":[{"href":"https:\/\/ansorge.com\/en\/wp-json\/wp\/v2\/pages\/27","targetHints":{"allow":["GET"]}}],"collection":[{"href":"https:\/\/ansorge.com\/en\/wp-json\/wp\/v2\/pages"}],"about":[{"href":"https:\/\/ansorge.com\/en\/wp-json\/wp\/v2\/types\/page"}],"author":[{"embeddable":true,"href":"https:\/\/ansorge.com\/en\/wp-json\/wp\/v2\/users\/2"}],"replies":[{"embeddable":true,"href":"https:\/\/ansorge.com\/en\/wp-json\/wp\/v2\/comments?post=27"}],"version-history":[{"count":0,"href":"https:\/\/ansorge.com\/en\/wp-json\/wp\/v2\/pages\/27\/revisions"}],"wp:attachment":[{"href":"https:\/\/ansorge.com\/en\/wp-json\/wp\/v2\/media?parent=27"}],"curies":[{"name":"wp","href":"https:\/\/api.w.org\/{rel}","templated":true}]}}